{"id":129,"date":"2025-01-24T21:19:54","date_gmt":"2025-01-24T18:19:54","guid":{"rendered":"https:\/\/suvarli.bel.tr\/index.php\/front_page\/"},"modified":"2025-02-26T18:10:22","modified_gmt":"2025-02-26T15:10:22","slug":"front_page","status":"publish","type":"page","link":"https:\/\/suvarli.bel.tr\/index.php\/front_page\/","title":{"rendered":"FOTO\u011eRAFLAR"},"content":{"rendered":"\n\n\n<p class=\"has-text-align-center\"><strong><mark style=\"background-color:rgba(0, 0, 0, 0)\" class=\"has-inline-color has-black-color\">AK PART\u0130YE GE\u00c7\u0130\u015e T\u00d6REN\u0130NDEN KARELER SAYIN CUMHURBA\u015eKANIMIZIN ROZET TAKMA T\u00d6REN\u0130<\/mark><\/strong><\/p>\n\n\n\n<div class=\"wp-block-group\"><div class=\"wp-block-group__inner-container is-layout-constrained wp-block-group-is-layout-constrained\"><\/div><\/div>\n\n\n\n\n\n\n\n\n\n\n\n\n","protected":false},"excerpt":{"rendered":"<p>AK PART\u0130YE GE\u00c7\u0130\u015e T\u00d6REN\u0130NDEN KARELER SAYIN CUMHURBA\u015eKANIMIZIN ROZET TAKMA T\u00d6REN\u0130<\/p>\n","protected":false},"author":1,"featured_media":0,"parent":0,"menu_order":0,"comment_status":"closed","ping_status":"closed","template":"","meta":{"saved_in_kubio":true,"footnotes":""},"class_list":["post-129","page","type-page","status-publish","hentry"],"kubio_ai_page_context":{"short_desc":"","purpose":"general"},"_links":{"self":[{"href":"https:\/\/suvarli.bel.tr\/index.php\/wp-json\/wp\/v2\/pages\/129","targetHints":{"allow":["GET"]}}],"collection":[{"href":"https:\/\/suvarli.bel.tr\/index.php\/wp-json\/wp\/v2\/pages"}],"about":[{"href":"https:\/\/suvarli.bel.tr\/index.php\/wp-json\/wp\/v2\/types\/page"}],"author":[{"embeddable":true,"href":"https:\/\/suvarli.bel.tr\/index.php\/wp-json\/wp\/v2\/users\/1"}],"replies":[{"embeddable":true,"href":"https:\/\/suvarli.bel.tr\/index.php\/wp-json\/wp\/v2\/comments?post=129"}],"version-history":[{"count":55,"href":"https:\/\/suvarli.bel.tr\/index.php\/wp-json\/wp\/v2\/pages\/129\/revisions"}],"predecessor-version":[{"id":497,"href":"https:\/\/suvarli.bel.tr\/index.php\/wp-json\/wp\/v2\/pages\/129\/revisions\/497"}],"wp:attachment":[{"href":"https:\/\/suvarli.bel.tr\/index.php\/wp-json\/wp\/v2\/media?parent=129"}],"curies":[{"name":"wp","href":"https:\/\/api.w.org\/{rel}","templated":true}]}}